{"id":11309,"date":"2025-06-08T16:27:38","date_gmt":"2025-06-08T15:27:38","guid":{"rendered":"https:\/\/sos-sw.si\/z-centar\/"},"modified":"2025-06-08T16:33:07","modified_gmt":"2025-06-08T15:33:07","slug":"z-centar","status":"publish","type":"page","link":"https:\/\/sos-sw.si\/hr\/z-centar\/","title":{"rendered":"Z Centar"},"content":{"rendered":"\n<p><strong>Z Centar<\/strong>, jedno od naj\u017eivljih shopping odredi\u0161ta u Zagrebu, pridru\u017eio se mre\u017ei SmartGifty uvo\u0111enjem <strong>vlastitog sustava poklon kartica<\/strong>, podr\u017eanog elegantnim <strong>kioskom za samostalno postavljanje<\/strong> na lokaciji.<\/p>\n\n<p>U vrijeme kada <strong>je pogodnost klju\u010dna za lojalnost kupaca<\/strong>, nova darovna kartica Z Center kupcima nudi brz, fleksibilan i jednostavan na\u010din darivanja. Bez obzira radi li se o poklonu u zadnji tren ili promi\u0161ljenoj gesti \u2013 kupnja je mogu\u0107a u nekoliko dodira, a primatelj bira ono \u0161to mu najvi\u0161e odgovara. <\/p>\n\n<h4 class=\"wp-block-heading\">\u0160to je Z Center dobio sa SmartGiftyjem:<\/h4>\n\n<ul>\n<li><strong>Pove\u0107ane posjete i ponovljene kupnje<\/strong> \u2013 Poklon kartice privla\u010de nove posjetitelje i poti\u010du povratak postoje\u0107ih.<\/li>\n\n\n\n<li><strong>Moderno rje\u0161enje za darivanje<\/strong> \u2013 pozicioniranje Z Centra kao inovativnog trgova\u010dkog centra.<\/li>\n\n\n\n<li><strong>Pojednostavljeno poslovanje<\/strong> \u2013 SmartGifty je preuzeo tehni\u010dku implementaciju, integraciju kioska i izvje\u0161\u0107ivanje u stvarnom vremenu.<\/li>\n\n\n\n<li><strong>Vrijedni uvidi u podatke<\/strong> \u2013 informacije o navikama korisnika, razdobljima najve\u0107eg prometa i trendovima kori\u0161tenja.<\/li>\n\n\n\n<li><strong>Fleksibilno, skalabilno rje\u0161enje<\/strong> \u2013 pogodno i za promotivne kampanje vezane uz darove.<\/li>\n<\/ul>\n<div class=\"wp-block-image\">\n<figure class=\"aligncenter size-large is-resized\"><img data-dominant-color=\"746a66\" data-has-transparency=\"false\" style=\"--dominant-color: #746a66;\" decoding=\"async\" loading=\"lazy\" src=\"https:\/\/sos-sw.si\/wp-content\/uploads\/2025\/06\/1748344827589-768x1024.png\" alt=\"\" class=\"not-transparent wp-image-11301\" width=\"309\" height=\"413\" srcset=\"https:\/\/sos-sw.si\/wp-content\/uploads\/2025\/06\/1748344827589-768x1024.png 768w, https:\/\/sos-sw.si\/wp-content\/uploads\/2025\/06\/1748344827589-225x300.png 225w, https:\/\/sos-sw.si\/wp-content\/uploads\/2025\/06\/1748344827589-1152x1536.png 1152w, https:\/\/sos-sw.si\/wp-content\/uploads\/2025\/06\/1748344827589-720x960.png 720w, https:\/\/sos-sw.si\/wp-content\/uploads\/2025\/06\/1748344827589.png 1280w\" sizes=\"(max-width: 309px) 100vw, 309px\" \/><\/figure><\/div>\n<blockquote class=\"wp-block-quote\">\n<p>\u201eNajbolji pokloni su oni koje sami biramo\u201d \u2013 a s novim sustavom Z Centra to je postalo stvarnost.<\/p>\n<\/blockquote>\n\n<p>Ponosni smo \u0161to smo isporu\u010dili rje\u0161enje koje podr\u017eava <strong>izvrsno iskustvo kupovine<\/strong> i <strong>rast poslovanja<\/strong>. Hvala Z timu Centra za povjerenje i suradnju \u2013 veselimo se va\u0161em daljnjem putovanju kao destinacije u kojoj se kupovina susre\u0107e <strong>s pametnom lojalno\u0161\u0107u<\/strong>. <\/p>\n","protected":false},"excerpt":{"rendered":"<p>Z Centar, jedno od naj\u017eivljih shopping odredi\u0161ta u Zagrebu, pridru\u017eio se mre\u017ei SmartGifty uvo\u0111enjem vlastitog sustava poklon kartica, podr\u017eanog elegantnim kioskom za samostalno postavljanje na lokaciji. U vrijeme kada je pogodnost klju\u010dna za lojalnost kupaca, nova darovna kartica Z Center kupcima nudi brz, fleksibilan i jednostavan na\u010din darivanja. Bez obzira radi li se o poklonu [&hellip;]<\/p>\n","protected":false},"author":1,"featured_media":11299,"parent":0,"menu_order":0,"comment_status":"closed","ping_status":"closed","template":"","meta":[],"aioseo_notices":[],"_links":{"self":[{"href":"https:\/\/sos-sw.si\/hr\/wp-json\/wp\/v2\/pages\/11309"}],"collection":[{"href":"https:\/\/sos-sw.si\/hr\/wp-json\/wp\/v2\/pages"}],"about":[{"href":"https:\/\/sos-sw.si\/hr\/wp-json\/wp\/v2\/types\/page"}],"author":[{"embeddable":true,"href":"https:\/\/sos-sw.si\/hr\/wp-json\/wp\/v2\/users\/1"}],"replies":[{"embeddable":true,"href":"https:\/\/sos-sw.si\/hr\/wp-json\/wp\/v2\/comments?post=11309"}],"version-history":[{"count":1,"href":"https:\/\/sos-sw.si\/hr\/wp-json\/wp\/v2\/pages\/11309\/revisions"}],"predecessor-version":[{"id":11310,"href":"https:\/\/sos-sw.si\/hr\/wp-json\/wp\/v2\/pages\/11309\/revisions\/11310"}],"wp:featuredmedia":[{"embeddable":true,"href":"https:\/\/sos-sw.si\/hr\/wp-json\/wp\/v2\/media\/11299"}],"wp:attachment":[{"href":"https:\/\/sos-sw.si\/hr\/wp-json\/wp\/v2\/media?parent=11309"}],"curies":[{"name":"wp","href":"https:\/\/api.w.org\/{rel}","templated":true}]}}